{"id":68,"date":"2018-04-05T16:07:19","date_gmt":"2018-04-05T14:07:19","guid":{"rendered":"http:\/\/www.ermea.fr\/?page_id=68"},"modified":"2018-04-05T16:10:11","modified_gmt":"2018-04-05T14:10:11","slug":"elementor-68","status":"publish","type":"page","link":"https:\/\/www.ermea.fr\/index.php\/elementor-68\/","title":{"rendered":"Objets pub"},"content":{"rendered":"\t\t<div data-elementor-type=\"wp-post\" data-elementor-id=\"68\" class=\"elementor elementor-68 elementor-bc-flex-widget\">\n\t\t\t\t\t\t<div class=\"elementor-inner\">\n\t\t\t\t<div class=\"elementor-section-wrap\">\n\t\t\t\t\t\t\t\t\t<section class=\"elementor-section elementor-top-section elementor-element elementor-element-e7bde78 elementor-section-boxed elementor-section-height-default elementor-section-height-default\" data-id=\"e7bde78\" data-element_type=\"section\">\n\t\t\t\t\t\t<div class=\"elementor-container elementor-column-gap-default\">\n\t\t\t\t\t\t\t<div class=\"elementor-row\">\n\t\t\t\t\t<div class=\"elementor-column elementor-col-100 elementor-top-column elementor-element elementor-element-2c8fbde\" data-id=\"2c8fbde\" data-element_type=\"column\">\n\t\t\t<div class=\"elementor-column-wrap elementor-element-populated\">\n\t\t\t\t\t\t\t<div class=\"elementor-widget-wrap\">\n\t\t\t\t\t\t<div class=\"elementor-element elementor-element-9779d67 elementor-widget elementor-widget-heading\" data-id=\"9779d67\" data-element_type=\"widget\" data-widget_type=\"heading.default\">\n\t\t\t\t<div class=\"elementor-widget-container\">\n\t\t\t<h2 class=\"elementor-heading-title elementor-size-default\">Vous avez un objectif de communication ? Nous avons l'objet pour vous aider \u00e0 l'atteindre !<\/h2>\t\t<\/div>\n\t\t\t\t<\/div>\n\t\t\t\t\t\t<\/div>\n\t\t\t\t\t<\/div>\n\t\t<\/div>\n\t\t\t\t\t\t\t\t<\/div>\n\t\t\t\t\t<\/div>\n\t\t<\/section>\n\t\t\t\t<section class=\"elementor-section elementor-top-section elementor-element elementor-element-e01b911 elementor-section-boxed elementor-section-height-default elementor-section-height-default\" data-id=\"e01b911\" data-element_type=\"section\">\n\t\t\t\t\t\t<div class=\"elementor-container elementor-column-gap-default\">\n\t\t\t\t\t\t\t<div class=\"elementor-row\">\n\t\t\t\t\t<div class=\"elementor-column elementor-col-100 elementor-top-column elementor-element elementor-element-e660113\" data-id=\"e660113\" data-element_type=\"column\">\n\t\t\t<div class=\"elementor-column-wrap elementor-element-populated\">\n\t\t\t\t\t\t\t<div class=\"elementor-widget-wrap\">\n\t\t\t\t\t\t<div class=\"elementor-element elementor-element-2ffcbb0 elementor-widget elementor-widget-text-editor\" data-id=\"2ffcbb0\" data-element_type=\"widget\" data-widget_type=\"text-editor.default\">\n\t\t\t\t<div class=\"elementor-widget-container\">\n\t\t\t\t\t\t\t\t<div class=\"elementor-text-editor elementor-clearfix\">\n\t\t\t\t<p>C&rsquo;est simple, les catalogues d&rsquo;objets publicitaires sont une jungle ! Des milliers, voire des millions de r\u00e9f\u00e9rences parmi lesquelles trouver LA bonne id\u00e9e au prix que vous cherchez. Nous vous faisons gagner du temps en comprenant pr\u00e9cis\u00e9ment vos objectifs et vos cibles et en vous proposant des objets adapt\u00e9s.<\/p><p>Des \u00e9ternels calendriers et stylos aux produits high-tech tels que des enceintes connect\u00e9es ou des lunettes de r\u00e9alit\u00e9 virtuelle, nous chercherons pour vous des objets originaux dont le seul objectif sera de faire plaisir \u00e0 vos partenaires et salari\u00e9s tout en valorisant votre marque.<\/p>\t\t\t\t\t<\/div>\n\t\t\t\t\t\t<\/div>\n\t\t\t\t<\/div>\n\t\t\t\t\t\t<\/div>\n\t\t\t\t\t<\/div>\n\t\t<\/div>\n\t\t\t\t\t\t\t\t<\/div>\n\t\t\t\t\t<\/div>\n\t\t<\/section>\n\t\t\t\t<section class=\"elementor-section elementor-top-section elementor-element elementor-element-b565081 elementor-section-boxed elementor-section-height-default elementor-section-height-default\" data-id=\"b565081\" data-element_type=\"section\">\n\t\t\t\t\t\t<div class=\"elementor-container elementor-column-gap-default\">\n\t\t\t\t\t\t\t<div class=\"elementor-row\">\n\t\t\t\t\t<div class=\"elementor-column elementor-col-100 elementor-top-column elementor-element elementor-element-34cdda2\" data-id=\"34cdda2\" data-element_type=\"column\">\n\t\t\t<div class=\"elementor-column-wrap elementor-element-populated\">\n\t\t\t\t\t\t\t<div class=\"elementor-widget-wrap\">\n\t\t\t\t\t\t<div class=\"elementor-element elementor-element-9f479a3 elementor-widget elementor-widget-image-gallery\" data-id=\"9f479a3\" data-element_type=\"widget\" data-widget_type=\"image-gallery.default\">\n\t\t\t\t<div class=\"elementor-widget-container\">\n\t\t\t\t\t<div class=\"elementor-image-gallery\">\n\t\t\t<div id='gallery-1' class='gallery galleryid-68 gallery-columns-4 gallery-size-thumbnail'><figure class='gallery-item'>\n\t\t\t<div class='gallery-icon landscape'>\n\t\t\t\t<a data-elementor-open-lightbox=\"yes\" data-elementor-lightbox-slideshow=\"9f479a3\" data-elementor-lightbox-title=\"Notebook\" data-e-action-hash=\"#elementor-action%3Aaction%3Dlightbox%26settings%3DeyJpZCI6MjYsInVybCI6Imh0dHBzOlwvXC93d3cuZXJtZWEuZnJcL3dwLWNvbnRlbnRcL3VwbG9hZHNcLzIwMThcLzA0XC9Ob3RlYm9vay5qcGciLCJzbGlkZXNob3ciOiI5ZjQ3OWEzIn0%3D\" href='https:\/\/www.ermea.fr\/wp-content\/uploads\/2018\/04\/Notebook.jpg'><img width=\"150\" height=\"150\" src=\"https:\/\/www.ermea.fr\/wp-content\/uploads\/2018\/04\/Notebook-150x150.jpg\" class=\"attachment-thumbnail size-thumbnail\" alt=\"\" loading=\"lazy\" aria-describedby=\"gallery-1-26\" srcset=\"https:\/\/www.ermea.fr\/wp-content\/uploads\/2018\/04\/Notebook-150x150.jpg 150w, https:\/\/www.ermea.fr\/wp-content\/uploads\/2018\/04\/Notebook-300x300.jpg 300w, https:\/\/www.ermea.fr\/wp-content\/uploads\/2018\/04\/Notebook-768x768.jpg 768w, https:\/\/www.ermea.fr\/wp-content\/uploads\/2018\/04\/Notebook-1024x1024.jpg 1024w, https:\/\/www.ermea.fr\/wp-content\/uploads\/2018\/04\/Notebook-400x400.jpg 400w, https:\/\/www.ermea.fr\/wp-content\/uploads\/2018\/04\/Notebook-100x100.jpg 100w\" sizes=\"(max-width: 150px) 100vw, 150px\" \/><\/a>\n\t\t\t<\/div>\n\t\t\t\t<figcaption class='wp-caption-text gallery-caption' id='gallery-1-26'>\n\t\t\t\tAgendas et Calendriers\n\t\t\t\t<\/figcaption><\/figure><figure class='gallery-item'>\n\t\t\t<div class='gallery-icon landscape'>\n\t\t\t\t<a data-elementor-open-lightbox=\"yes\" data-elementor-lightbox-slideshow=\"9f479a3\" data-elementor-lightbox-title=\"Stylos\" data-e-action-hash=\"#elementor-action%3Aaction%3Dlightbox%26settings%3DeyJpZCI6MjgsInVybCI6Imh0dHBzOlwvXC93d3cuZXJtZWEuZnJcL3dwLWNvbnRlbnRcL3VwbG9hZHNcLzIwMThcLzA0XC9TdHlsb3MuanBnIiwic2xpZGVzaG93IjoiOWY0NzlhMyJ9\" href='https:\/\/www.ermea.fr\/wp-content\/uploads\/2018\/04\/Stylos.jpg'><img width=\"150\" height=\"150\" src=\"https:\/\/www.ermea.fr\/wp-content\/uploads\/2018\/04\/Stylos-150x150.jpg\" class=\"attachment-thumbnail size-thumbnail\" alt=\"\" loading=\"lazy\" aria-describedby=\"gallery-1-28\" srcset=\"https:\/\/www.ermea.fr\/wp-content\/uploads\/2018\/04\/Stylos-150x150.jpg 150w, https:\/\/www.ermea.fr\/wp-content\/uploads\/2018\/04\/Stylos-300x300.jpg 300w, https:\/\/www.ermea.fr\/wp-content\/uploads\/2018\/04\/Stylos-768x768.jpg 768w, https:\/\/www.ermea.fr\/wp-content\/uploads\/2018\/04\/Stylos-1024x1024.jpg 1024w, https:\/\/www.ermea.fr\/wp-content\/uploads\/2018\/04\/Stylos-400x400.jpg 400w, https:\/\/www.ermea.fr\/wp-content\/uploads\/2018\/04\/Stylos-100x100.jpg 100w\" sizes=\"(max-width: 150px) 100vw, 150px\" \/><\/a>\n\t\t\t<\/div>\n\t\t\t\t<figcaption class='wp-caption-text gallery-caption' id='gallery-1-28'>\n\t\t\t\tEcriture\n\t\t\t\t<\/figcaption><\/figure><figure class='gallery-item'>\n\t\t\t<div class='gallery-icon landscape'>\n\t\t\t\t<a data-elementor-open-lightbox=\"yes\" data-elementor-lightbox-slideshow=\"9f479a3\" data-elementor-lightbox-title=\"sacoche\" data-e-action-hash=\"#elementor-action%3Aaction%3Dlightbox%26settings%3DeyJpZCI6MjcsInVybCI6Imh0dHBzOlwvXC93d3cuZXJtZWEuZnJcL3dwLWNvbnRlbnRcL3VwbG9hZHNcLzIwMThcLzA0XC9zYWNvY2hlLmpwZyIsInNsaWRlc2hvdyI6IjlmNDc5YTMifQ%3D%3D\" href='https:\/\/www.ermea.fr\/wp-content\/uploads\/2018\/04\/sacoche.jpg'><img width=\"150\" height=\"150\" src=\"https:\/\/www.ermea.fr\/wp-content\/uploads\/2018\/04\/sacoche-150x150.jpg\" class=\"attachment-thumbnail size-thumbnail\" alt=\"\" loading=\"lazy\" aria-describedby=\"gallery-1-27\" srcset=\"https:\/\/www.ermea.fr\/wp-content\/uploads\/2018\/04\/sacoche-150x150.jpg 150w, https:\/\/www.ermea.fr\/wp-content\/uploads\/2018\/04\/sacoche-300x300.jpg 300w, https:\/\/www.ermea.fr\/wp-content\/uploads\/2018\/04\/sacoche-768x768.jpg 768w, https:\/\/www.ermea.fr\/wp-content\/uploads\/2018\/04\/sacoche-1024x1024.jpg 1024w, https:\/\/www.ermea.fr\/wp-content\/uploads\/2018\/04\/sacoche-400x400.jpg 400w, https:\/\/www.ermea.fr\/wp-content\/uploads\/2018\/04\/sacoche-100x100.jpg 100w\" sizes=\"(max-width: 150px) 100vw, 150px\" \/><\/a>\n\t\t\t<\/div>\n\t\t\t\t<figcaption class='wp-caption-text gallery-caption' id='gallery-1-27'>\n\t\t\t\tBagages &#038; Voyages\n\t\t\t\t<\/figcaption><\/figure><figure class='gallery-item'>\n\t\t\t<div class='gallery-icon landscape'>\n\t\t\t\t<a data-elementor-open-lightbox=\"yes\" data-elementor-lightbox-slideshow=\"9f479a3\" data-elementor-lightbox-title=\"Mug\" data-e-action-hash=\"#elementor-action%3Aaction%3Dlightbox%26settings%3DeyJpZCI6MjQsInVybCI6Imh0dHBzOlwvXC93d3cuZXJtZWEuZnJcL3dwLWNvbnRlbnRcL3VwbG9hZHNcLzIwMThcLzA0XC9NdWcuanBnIiwic2xpZGVzaG93IjoiOWY0NzlhMyJ9\" href='https:\/\/www.ermea.fr\/wp-content\/uploads\/2018\/04\/Mug.jpg'><img width=\"150\" height=\"150\" src=\"https:\/\/www.ermea.fr\/wp-content\/uploads\/2018\/04\/Mug-150x150.jpg\" class=\"attachment-thumbnail size-thumbnail\" alt=\"\" loading=\"lazy\" aria-describedby=\"gallery-1-24\" srcset=\"https:\/\/www.ermea.fr\/wp-content\/uploads\/2018\/04\/Mug-150x150.jpg 150w, https:\/\/www.ermea.fr\/wp-content\/uploads\/2018\/04\/Mug-300x300.jpg 300w, https:\/\/www.ermea.fr\/wp-content\/uploads\/2018\/04\/Mug-768x768.jpg 768w, https:\/\/www.ermea.fr\/wp-content\/uploads\/2018\/04\/Mug-1024x1024.jpg 1024w, https:\/\/www.ermea.fr\/wp-content\/uploads\/2018\/04\/Mug-400x400.jpg 400w, https:\/\/www.ermea.fr\/wp-content\/uploads\/2018\/04\/Mug-100x100.jpg 100w\" sizes=\"(max-width: 150px) 100vw, 150px\" \/><\/a>\n\t\t\t<\/div>\n\t\t\t\t<figcaption class='wp-caption-text gallery-caption' id='gallery-1-24'>\n\t\t\t\tBusiness &#038; Bureau\n\t\t\t\t<\/figcaption><\/figure><figure class='gallery-item'>\n\t\t\t<div class='gallery-icon landscape'>\n\t\t\t\t<a data-elementor-open-lightbox=\"yes\" data-elementor-lightbox-slideshow=\"9f479a3\" data-elementor-lightbox-title=\"Isotherm\" data-e-action-hash=\"#elementor-action%3Aaction%3Dlightbox%26settings%3DeyJpZCI6MjMsInVybCI6Imh0dHBzOlwvXC93d3cuZXJtZWEuZnJcL3dwLWNvbnRlbnRcL3VwbG9hZHNcLzIwMThcLzA0XC9Jc290aGVybS5qcGciLCJzbGlkZXNob3ciOiI5ZjQ3OWEzIn0%3D\" href='https:\/\/www.ermea.fr\/wp-content\/uploads\/2018\/04\/Isotherm.jpg'><img width=\"150\" height=\"150\" src=\"https:\/\/www.ermea.fr\/wp-content\/uploads\/2018\/04\/Isotherm-150x150.jpg\" class=\"attachment-thumbnail size-thumbnail\" alt=\"\" loading=\"lazy\" aria-describedby=\"gallery-1-23\" srcset=\"https:\/\/www.ermea.fr\/wp-content\/uploads\/2018\/04\/Isotherm-150x150.jpg 150w, https:\/\/www.ermea.fr\/wp-content\/uploads\/2018\/04\/Isotherm-300x300.jpg 300w, https:\/\/www.ermea.fr\/wp-content\/uploads\/2018\/04\/Isotherm-768x768.jpg 768w, https:\/\/www.ermea.fr\/wp-content\/uploads\/2018\/04\/Isotherm-1024x1024.jpg 1024w, https:\/\/www.ermea.fr\/wp-content\/uploads\/2018\/04\/Isotherm-400x400.jpg 400w, https:\/\/www.ermea.fr\/wp-content\/uploads\/2018\/04\/Isotherm-100x100.jpg 100w\" sizes=\"(max-width: 150px) 100vw, 150px\" \/><\/a>\n\t\t\t<\/div>\n\t\t\t\t<figcaption class='wp-caption-text gallery-caption' id='gallery-1-23'>\n\t\t\t\tLoisirs et Plein air\n\t\t\t\t<\/figcaption><\/figure><figure class='gallery-item'>\n\t\t\t<div class='gallery-icon landscape'>\n\t\t\t\t<a data-elementor-open-lightbox=\"yes\" data-elementor-lightbox-slideshow=\"9f479a3\" data-elementor-lightbox-title=\"Elephants\" data-e-action-hash=\"#elementor-action%3Aaction%3Dlightbox%26settings%3DeyJpZCI6MjIsInVybCI6Imh0dHBzOlwvXC93d3cuZXJtZWEuZnJcL3dwLWNvbnRlbnRcL3VwbG9hZHNcLzIwMThcLzA0XC9FbGVwaGFudHMuanBnIiwic2xpZGVzaG93IjoiOWY0NzlhMyJ9\" href='https:\/\/www.ermea.fr\/wp-content\/uploads\/2018\/04\/Elephants.jpg'><img width=\"150\" height=\"150\" src=\"https:\/\/www.ermea.fr\/wp-content\/uploads\/2018\/04\/Elephants-150x150.jpg\" class=\"attachment-thumbnail size-thumbnail\" alt=\"\" loading=\"lazy\" aria-describedby=\"gallery-1-22\" srcset=\"https:\/\/www.ermea.fr\/wp-content\/uploads\/2018\/04\/Elephants-150x150.jpg 150w, https:\/\/www.ermea.fr\/wp-content\/uploads\/2018\/04\/Elephants-300x300.jpg 300w, https:\/\/www.ermea.fr\/wp-content\/uploads\/2018\/04\/Elephants-768x768.jpg 768w, https:\/\/www.ermea.fr\/wp-content\/uploads\/2018\/04\/Elephants-1024x1024.jpg 1024w, https:\/\/www.ermea.fr\/wp-content\/uploads\/2018\/04\/Elephants-400x400.jpg 400w, https:\/\/www.ermea.fr\/wp-content\/uploads\/2018\/04\/Elephants-100x100.jpg 100w\" sizes=\"(max-width: 150px) 100vw, 150px\" \/><\/a>\n\t\t\t<\/div>\n\t\t\t\t<figcaption class='wp-caption-text gallery-caption' id='gallery-1-22'>\n\t\t\t\tGoodies\n\t\t\t\t<\/figcaption><\/figure><figure class='gallery-item'>\n\t\t\t<div class='gallery-icon landscape'>\n\t\t\t\t<a data-elementor-open-lightbox=\"yes\" data-elementor-lightbox-slideshow=\"9f479a3\" data-elementor-lightbox-title=\"casquette\" data-e-action-hash=\"#elementor-action%3Aaction%3Dlightbox%26settings%3DeyJpZCI6MjEsInVybCI6Imh0dHBzOlwvXC93d3cuZXJtZWEuZnJcL3dwLWNvbnRlbnRcL3VwbG9hZHNcLzIwMThcLzA0XC9jYXNxdWV0dGUuanBnIiwic2xpZGVzaG93IjoiOWY0NzlhMyJ9\" href='https:\/\/www.ermea.fr\/wp-content\/uploads\/2018\/04\/casquette.jpg'><img width=\"150\" height=\"150\" src=\"https:\/\/www.ermea.fr\/wp-content\/uploads\/2018\/04\/casquette-150x150.jpg\" class=\"attachment-thumbnail size-thumbnail\" alt=\"\" loading=\"lazy\" aria-describedby=\"gallery-1-21\" srcset=\"https:\/\/www.ermea.fr\/wp-content\/uploads\/2018\/04\/casquette-150x150.jpg 150w, https:\/\/www.ermea.fr\/wp-content\/uploads\/2018\/04\/casquette-300x300.jpg 300w, https:\/\/www.ermea.fr\/wp-content\/uploads\/2018\/04\/casquette-768x768.jpg 768w, https:\/\/www.ermea.fr\/wp-content\/uploads\/2018\/04\/casquette-1024x1024.jpg 1024w, https:\/\/www.ermea.fr\/wp-content\/uploads\/2018\/04\/casquette-400x400.jpg 400w, https:\/\/www.ermea.fr\/wp-content\/uploads\/2018\/04\/casquette-100x100.jpg 100w\" sizes=\"(max-width: 150px) 100vw, 150px\" \/><\/a>\n\t\t\t<\/div>\n\t\t\t\t<figcaption class='wp-caption-text gallery-caption' id='gallery-1-21'>\n\t\t\t\tTextiles &#038; Casquettes\n\t\t\t\t<\/figcaption><\/figure><figure class='gallery-item'>\n\t\t\t<div class='gallery-icon landscape'>\n\t\t\t\t<a data-elementor-open-lightbox=\"yes\" data-elementor-lightbox-slideshow=\"9f479a3\" data-elementor-lightbox-title=\"Boom Box\" data-e-action-hash=\"#elementor-action%3Aaction%3Dlightbox%26settings%3DeyJpZCI6MjAsInVybCI6Imh0dHBzOlwvXC93d3cuZXJtZWEuZnJcL3dwLWNvbnRlbnRcL3VwbG9hZHNcLzIwMThcLzA0XC9Cb29tLUJveC5qcGciLCJzbGlkZXNob3ciOiI5ZjQ3OWEzIn0%3D\" href='https:\/\/www.ermea.fr\/wp-content\/uploads\/2018\/04\/Boom-Box.jpg'><img width=\"150\" height=\"150\" src=\"https:\/\/www.ermea.fr\/wp-content\/uploads\/2018\/04\/Boom-Box-150x150.jpg\" class=\"attachment-thumbnail size-thumbnail\" alt=\"\" loading=\"lazy\" aria-describedby=\"gallery-1-20\" srcset=\"https:\/\/www.ermea.fr\/wp-content\/uploads\/2018\/04\/Boom-Box-150x150.jpg 150w, https:\/\/www.ermea.fr\/wp-content\/uploads\/2018\/04\/Boom-Box-300x300.jpg 300w, https:\/\/www.ermea.fr\/wp-content\/uploads\/2018\/04\/Boom-Box-768x768.jpg 768w, https:\/\/www.ermea.fr\/wp-content\/uploads\/2018\/04\/Boom-Box-1024x1024.jpg 1024w, https:\/\/www.ermea.fr\/wp-content\/uploads\/2018\/04\/Boom-Box-400x400.jpg 400w, https:\/\/www.ermea.fr\/wp-content\/uploads\/2018\/04\/Boom-Box-100x100.jpg 100w\" sizes=\"(max-width: 150px) 100vw, 150px\" \/><\/a>\n\t\t\t<\/div>\n\t\t\t\t<figcaption class='wp-caption-text gallery-caption' id='gallery-1-20'>\n\t\t\t\tHigh Tech\n\t\t\t\t<\/figcaption><\/figure>\n\t\t<\/div>\n\t\t<\/div>\n\t\t\t\t<\/div>\n\t\t\t\t<\/div>\n\t\t\t\t\t\t<\/div>\n\t\t\t\t\t<\/div>\n\t\t<\/div>\n\t\t\t\t\t\t\t\t<\/div>\n\t\t\t\t\t<\/div>\n\t\t<\/section>\n\t\t\t\t\t\t\t\t\t<\/div>\n\t\t\t<\/div>\n\t\t\t\t\t<\/div>\n\t\t","protected":false},"excerpt":{"rendered":"<p>Vous avez un objectif de communication ? Nous avons l&rsquo;objet pour vous aider \u00e0 l&rsquo;atteindre ! C&rsquo;est simple, les catalogues d&rsquo;objets publicitaires sont une jungle ! Des milliers, voire des millions de r\u00e9f\u00e9rences parmi lesquelles trouver LA bonne id\u00e9e au prix que vous cherchez. Nous vous faisons gagner du temps en comprenant pr\u00e9cis\u00e9ment vos objectifs [&hellip;]<\/p>\n","protected":false},"author":1,"featured_media":0,"parent":0,"menu_order":0,"comment_status":"closed","ping_status":"closed","template":"","meta":[],"_links":{"self":[{"href":"https:\/\/www.ermea.fr\/index.php\/wp-json\/wp\/v2\/pages\/68"}],"collection":[{"href":"https:\/\/www.ermea.fr\/index.php\/wp-json\/wp\/v2\/pages"}],"about":[{"href":"https:\/\/www.ermea.fr\/index.php\/wp-json\/wp\/v2\/types\/page"}],"author":[{"embeddable":true,"href":"https:\/\/www.ermea.fr\/index.php\/wp-json\/wp\/v2\/users\/1"}],"replies":[{"embeddable":true,"href":"https:\/\/www.ermea.fr\/index.php\/wp-json\/wp\/v2\/comments?post=68"}],"version-history":[{"count":4,"href":"https:\/\/www.ermea.fr\/index.php\/wp-json\/wp\/v2\/pages\/68\/revisions"}],"predecessor-version":[{"id":73,"href":"https:\/\/www.ermea.fr\/index.php\/wp-json\/wp\/v2\/pages\/68\/revisions\/73"}],"wp:attachment":[{"href":"https:\/\/www.ermea.fr\/index.php\/wp-json\/wp\/v2\/media?parent=68"}],"curies":[{"name":"wp","href":"https:\/\/api.w.org\/{rel}","templated":true}]}}